{"id":3071,"date":"2024-05-30T13:29:17","date_gmt":"2024-05-30T10:29:17","guid":{"rendered":"https:\/\/denemeko.com\/?page_id=3071"},"modified":"2025-10-23T12:02:12","modified_gmt":"2025-10-23T09:02:12","slug":"genel-katalog","status":"publish","type":"page","link":"https:\/\/idolcerrahi.com\/tr\/genel-katalog\/","title":{"rendered":"Genel Katalog"},"content":{"rendered":"\t\t<div data-elementor-type=\"wp-page\" data-elementor-id=\"3071\" class=\"elementor elementor-3071\" data-elementor-post-type=\"page\">\n\t\t\t\t\t\t<section class=\"elementor-section elementor-top-section elementor-element elementor-element-237ad50 elementor-section-height-min-height elementor-section-full_width elementor-section-stretched elementor-section-height-default elementor-section-items-middle\" data-id=\"237ad50\" data-element_type=\"section\" data-e-type=\"section\" data-settings=\"{&quot;background_background&quot;:&quot;classic&quot;,&quot;stretch_section&quot;:&quot;section-stretched&quot;}\">\n\t\t\t\t\t\t\t<div class=\"elementor-background-overlay\"><\/div>\n\t\t\t\t\t\t\t<div class=\"elementor-container elementor-column-gap-default\">\n\t\t\t\t\t<div class=\"elementor-column elementor-col-100 elementor-top-column elementor-element elementor-element-1c930e2\" data-id=\"1c930e2\" data-element_type=\"column\" data-e-type=\"column\">\n\t\t\t<div class=\"elementor-widget-wrap elementor-element-populated\">\n\t\t\t\t\t\t<div class=\"elementor-element elementor-element-d4da453 elementor-widget elementor-widget-heading\" data-id=\"d4da453\" data-element_type=\"widget\" data-e-type=\"widget\" data-widget_type=\"heading.default\">\n\t\t\t\t<div class=\"elementor-widget-container\">\n\t\t\t\t\t<h2 class=\"elementor-heading-title elementor-size-default\">Genel<\/h2>\t\t\t\t<\/div>\n\t\t\t\t<\/div>\n\t\t\t\t\t<\/div>\n\t\t<\/div>\n\t\t\t\t\t<\/div>\n\t\t<\/section>\n\t\t\t\t<section class=\"elementor-section elementor-top-section elementor-element elementor-element-160af8de elementor-reverse-mobile elementor-section-boxed elementor-section-height-default elementor-section-height-default\" data-id=\"160af8de\" data-element_type=\"section\" data-e-type=\"section\">\n\t\t\t\t\t\t<div class=\"elementor-container elementor-column-gap-default\">\n\t\t\t\t\t<div class=\"elementor-column elementor-col-50 elementor-top-column elementor-element elementor-element-793b11d0 elementor-invisible\" data-id=\"793b11d0\" data-element_type=\"column\" data-e-type=\"column\" data-settings=\"{&quot;background_background&quot;:&quot;classic&quot;,&quot;animation&quot;:&quot;fadeIn&quot;}\">\n\t\t\t<div class=\"elementor-widget-wrap elementor-element-populated\">\n\t\t\t\t\t<div class=\"elementor-background-overlay\"><\/div>\n\t\t\t\t\t\t<div class=\"elementor-element elementor-element-219bee0e elementor-invisible elementor-widget elementor-widget-image\" data-id=\"219bee0e\" data-element_type=\"widget\" data-e-type=\"widget\" data-settings=\"{&quot;_animation&quot;:&quot;fadeIn&quot;,&quot;_animation_delay&quot;:200}\" data-widget_type=\"image.default\">\n\t\t\t\t<div class=\"elementor-widget-container\">\n\t\t\t\t\t\t\t\t\t\t\t\t\t\t\t<img fetchpriority=\"high\" decoding=\"async\" width=\"1024\" height=\"1024\" src=\"https:\/\/idolcerrahi.com\/wp-content\/uploads\/2024\/05\/idol-1024x1024.png\" class=\"attachment-large size-large wp-image-3189\" alt=\"\" srcset=\"https:\/\/idolcerrahi.com\/wp-content\/uploads\/2024\/05\/idol-1024x1024.png 1024w, https:\/\/idolcerrahi.com\/wp-content\/uploads\/2024\/05\/idol-300x300.png 300w, https:\/\/idolcerrahi.com\/wp-content\/uploads\/2024\/05\/idol-150x150.png 150w, https:\/\/idolcerrahi.com\/wp-content\/uploads\/2024\/05\/idol-768x768.png 768w, https:\/\/idolcerrahi.com\/wp-content\/uploads\/2024\/05\/idol-100x100.png 100w, https:\/\/idolcerrahi.com\/wp-content\/uploads\/2024\/05\/idol-937x937.png 937w, https:\/\/idolcerrahi.com\/wp-content\/uploads\/2024\/05\/idol.png 1080w\" sizes=\"(max-width: 1024px) 100vw, 1024px\" title=\"idol - Cerrahi Aletler | \u0130dol Hastane \u00dcr\u00fcnleri\" \/>\t\t\t\t\t\t\t\t\t\t\t\t\t\t\t<\/div>\n\t\t\t\t<\/div>\n\t\t\t\t\t<\/div>\n\t\t<\/div>\n\t\t\t\t<div class=\"elementor-column elementor-col-50 elementor-top-column elementor-element elementor-element-231f35ed\" data-id=\"231f35ed\" data-element_type=\"column\" data-e-type=\"column\">\n\t\t\t<div class=\"elementor-widget-wrap elementor-element-populated\">\n\t\t\t\t\t\t<div class=\"elementor-element elementor-element-63e6aa00 elementor-invisible elementor-widget elementor-widget-heading\" data-id=\"63e6aa00\" data-element_type=\"widget\" data-e-type=\"widget\" data-settings=\"{&quot;_animation&quot;:&quot;fadeInUp&quot;,&quot;_animation_delay&quot;:200}\" data-widget_type=\"heading.default\">\n\t\t\t\t<div class=\"elementor-widget-container\">\n\t\t\t\t\t<h2 class=\"elementor-heading-title elementor-size-default\">Genel Katalog<\/h2>\t\t\t\t<\/div>\n\t\t\t\t<\/div>\n\t\t\t\t<div class=\"elementor-element elementor-element-2fa9829f elementor-invisible elementor-widget elementor-widget-text-editor\" data-id=\"2fa9829f\" data-element_type=\"widget\" data-e-type=\"widget\" data-settings=\"{&quot;_animation&quot;:&quot;fadeInUp&quot;,&quot;_animation_delay&quot;:400}\" data-widget_type=\"text-editor.default\">\n\t\t\t\t<div class=\"elementor-widget-container\">\n\t\t\t\t\t\t\t\t\tGeni\u015f \u00fcr\u00fcn yelpazemizi kapsayan genel katalog ile cerrahi operasyonlarda kullan\u0131lan t\u00fcm cerrahi enstr\u00fcmanlar\u0131 sunuyoruz. \u00fcr\u00fcnlerimiz i\u00e7in genel katalo\u011fumuzu inceleyebilirsiniz.\t\t\t\t\t\t\t\t<\/div>\n\t\t\t\t<\/div>\n\t\t\t\t<div class=\"elementor-element elementor-element-58bcc46 elementor-widget__width-auto elementor-align-left elementor-invisible elementor-widget elementor-widget-button\" data-id=\"58bcc46\" data-element_type=\"widget\" data-e-type=\"widget\" data-settings=\"{&quot;_animation_delay&quot;:600,&quot;_animation&quot;:&quot;fadeInUp&quot;}\" data-widget_type=\"button.default\">\n\t\t\t\t<div class=\"elementor-widget-container\">\n\t\t\t\t\t\t\t\t\t<div class=\"elementor-button-wrapper\">\n\t\t\t\t\t<a class=\"elementor-button elementor-button-link elementor-size-sm\" href=\"https:\/\/idolcerrahi.com\/wp-content\/uploads\/2025\/04\/Idol-Genel-Katalog_compressed.pdf\">\n\t\t\t\t\t\t<span class=\"elementor-button-content-wrapper\">\n\t\t\t\t\t\t<span class=\"elementor-button-icon\">\n\t\t\t\t<svg aria-hidden=\"true\" class=\"e-font-icon-svg e-fas-book-open\" viewBox=\"0 0 576 512\" xmlns=\"http:\/\/www.w3.org\/2000\/svg\"><path d=\"M542.22 32.05c-54.8 3.11-163.72 14.43-230.96 55.59-4.64 2.84-7.27 7.89-7.27 13.17v363.87c0 11.55 12.63 18.85 23.28 13.49 69.18-34.82 169.23-44.32 218.7-46.92 16.89-.89 30.02-14.43 30.02-30.66V62.75c.01-17.71-15.35-31.74-33.77-30.7zM264.73 87.64C197.5 46.48 88.58 35.17 33.78 32.05 15.36 31.01 0 45.04 0 62.75V400.6c0 16.24 13.13 29.78 30.02 30.66 49.49 2.6 149.59 12.11 218.77 46.95 10.62 5.35 23.21-1.94 23.21-13.46V100.63c0-5.29-2.62-10.14-7.27-12.99z\"><\/path><\/svg>\t\t\t<\/span>\n\t\t\t\t\t\t\t\t\t<span class=\"elementor-button-text\">\u00dcr\u00fcn Katalo\u011fu<\/span>\n\t\t\t\t\t<\/span>\n\t\t\t\t\t<\/a>\n\t\t\t\t<\/div>\n\t\t\t\t\t\t\t\t<\/div>\n\t\t\t\t<\/div>\n\t\t\t\t\t<\/div>\n\t\t<\/div>\n\t\t\t\t\t<\/div>\n\t\t<\/section>\n\t\t\t\t<section class=\"elementor-section elementor-top-section elementor-element elementor-element-da820df elementor-section-full_width elementor-section-stretched elementor-section-height-default elementor-section-height-default\" data-id=\"da820df\" data-element_type=\"section\" data-e-type=\"section\" data-settings=\"{&quot;background_background&quot;:&quot;classic&quot;,&quot;stretch_section&quot;:&quot;section-stretched&quot;}\">\n\t\t\t\t\t\t<div class=\"elementor-container elementor-column-gap-default\">\n\t\t\t\t\t<div class=\"elementor-column elementor-col-100 elementor-top-column elementor-element elementor-element-ee67e2b\" data-id=\"ee67e2b\" data-element_type=\"column\" data-e-type=\"column\">\n\t\t\t<div class=\"elementor-widget-wrap elementor-element-populated\">\n\t\t\t\t\t\t<section class=\"elementor-section elementor-inner-section elementor-element elementor-element-b8a7851 elementor-section-height-min-height elementor-section-boxed elementor-section-height-default\" data-id=\"b8a7851\" data-element_type=\"section\" data-e-type=\"section\">\n\t\t\t\t\t\t<div class=\"elementor-container elementor-column-gap-default\">\n\t\t\t\t\t<div class=\"elementor-column elementor-col-50 elementor-inner-column elementor-element elementor-element-2cdd8d0\" data-id=\"2cdd8d0\" data-element_type=\"column\" data-e-type=\"column\">\n\t\t\t<div class=\"elementor-widget-wrap elementor-element-populated\">\n\t\t\t\t\t\t<div class=\"elementor-element elementor-element-876499a elementor-invisible elementor-widget elementor-widget-text-editor\" data-id=\"876499a\" data-element_type=\"widget\" data-e-type=\"widget\" data-settings=\"{&quot;_animation&quot;:&quot;fadeInUp&quot;}\" data-widget_type=\"text-editor.default\">\n\t\t\t\t<div class=\"elementor-widget-container\">\n\t\t\t\t\t\t\t\t\t<p>Neden \u0130dol?<\/p>\t\t\t\t\t\t\t\t<\/div>\n\t\t\t\t<\/div>\n\t\t\t\t<div class=\"elementor-element elementor-element-cd712d9 elementor-invisible elementor-widget elementor-widget-heading\" data-id=\"cd712d9\" data-element_type=\"widget\" data-e-type=\"widget\" data-settings=\"{&quot;_animation&quot;:&quot;fadeInUp&quot;,&quot;_animation_delay&quot;:200}\" data-widget_type=\"heading.default\">\n\t\t\t\t<div class=\"elementor-widget-container\">\n\t\t\t\t\t<h2 class=\"elementor-heading-title elementor-size-default\">Y\u00fcksek Hassasiyet ve Performans<\/h2>\t\t\t\t<\/div>\n\t\t\t\t<\/div>\n\t\t\t\t<div class=\"elementor-element elementor-element-bba4108 elementor-widget__width-initial elementor-widget elementor-widget-image-box\" data-id=\"bba4108\" data-element_type=\"widget\" data-e-type=\"widget\" data-widget_type=\"image-box.default\">\n\t\t\t\t<div class=\"elementor-widget-container\">\n\t\t\t\t\t<div class=\"elementor-image-box-wrapper\"><div class=\"elementor-image-box-content\"><p class=\"elementor-image-box-description\">Genel cerrahi alan\u0131nda kullan\u0131lan t\u00fcm cerragi enstr\u00fcmanlar\u0131 tek bir \u00e7at\u0131 alt\u0131nda toplad\u0131\u011f\u0131m\u0131z katalo\u011fumuz, y\u00fcksek kalite standartlar\u0131nda \u00fcretilmi\u015f geni\u015f \u00fcr\u00fcn yelpazesiyle hizmetinizdedir.\u2028Katalogda bist\u00fcri sap\u0131, penset, makas, klemp, aspirat\u00f6r ucu, porteg\u00fc gibi s\u00fct\u00fcr enstr\u00fcmanlar, retractor ve bist\u00fcri sap\u0131 gibi cerrahi aletlerin yan\u0131 s\u0131ra jinekoloji, \u00fcroloji alan\u0131nda kullan\u0131lan \u00f6zel enstr\u00fcmanlara da yer verilmektedir.<\/p><\/div><\/div>\t\t\t\t<\/div>\n\t\t\t\t<\/div>\n\t\t\t\t<div class=\"elementor-element elementor-element-ba35499 elementor-align-left elementor-mobile-align-center elementor-invisible elementor-widget elementor-widget-button\" data-id=\"ba35499\" data-element_type=\"widget\" data-e-type=\"widget\" data-settings=\"{&quot;_animation_delay&quot;:400,&quot;_animation&quot;:&quot;fadeInUp&quot;}\" data-widget_type=\"button.default\">\n\t\t\t\t<div class=\"elementor-widget-container\">\n\t\t\t\t\t\t\t\t\t<div class=\"elementor-button-wrapper\">\n\t\t\t\t\t<a class=\"elementor-button elementor-button-link elementor-size-sm\" href=\"https:\/\/idolcerrahi.com\/hakkimizda\">\n\t\t\t\t\t\t<span class=\"elementor-button-content-wrapper\">\n\t\t\t\t\t\t\t\t\t<span class=\"elementor-button-text\">Hakk\u0131m\u0131zda<\/span>\n\t\t\t\t\t<\/span>\n\t\t\t\t\t<\/a>\n\t\t\t\t<\/div>\n\t\t\t\t\t\t\t\t<\/div>\n\t\t\t\t<\/div>\n\t\t\t\t\t<\/div>\n\t\t<\/div>\n\t\t\t\t<div class=\"elementor-column elementor-col-50 elementor-inner-column elementor-element elementor-element-859c05f elementor-invisible\" data-id=\"859c05f\" data-element_type=\"column\" data-e-type=\"column\" data-settings=\"{&quot;background_background&quot;:&quot;classic&quot;,&quot;animation&quot;:&quot;fadeIn&quot;}\">\n\t\t\t<div class=\"elementor-widget-wrap elementor-element-populated\">\n\t\t\t\t\t<div class=\"elementor-background-overlay\"><\/div>\n\t\t\t\t\t\t<div class=\"elementor-element elementor-element-fa95e8e elementor-invisible elementor-widget elementor-widget-image\" data-id=\"fa95e8e\" data-element_type=\"widget\" data-e-type=\"widget\" data-settings=\"{&quot;_animation&quot;:&quot;fadeIn&quot;,&quot;_animation_delay&quot;:200}\" data-widget_type=\"image.default\">\n\t\t\t\t<div class=\"elementor-widget-container\">\n\t\t\t\t\t\t\t\t\t\t\t\t\t\t\t<img fetchpriority=\"high\" decoding=\"async\" width=\"1024\" height=\"1024\" src=\"https:\/\/idolcerrahi.com\/wp-content\/uploads\/2024\/05\/idol-1024x1024.png\" class=\"attachment-large size-large wp-image-3189\" alt=\"\" srcset=\"https:\/\/idolcerrahi.com\/wp-content\/uploads\/2024\/05\/idol-1024x1024.png 1024w, https:\/\/idolcerrahi.com\/wp-content\/uploads\/2024\/05\/idol-300x300.png 300w, https:\/\/idolcerrahi.com\/wp-content\/uploads\/2024\/05\/idol-150x150.png 150w, https:\/\/idolcerrahi.com\/wp-content\/uploads\/2024\/05\/idol-768x768.png 768w, https:\/\/idolcerrahi.com\/wp-content\/uploads\/2024\/05\/idol-100x100.png 100w, https:\/\/idolcerrahi.com\/wp-content\/uploads\/2024\/05\/idol-937x937.png 937w, https:\/\/idolcerrahi.com\/wp-content\/uploads\/2024\/05\/idol.png 1080w\" sizes=\"(max-width: 1024px) 100vw, 1024px\" title=\"idol - Cerrahi Aletler | \u0130dol Hastane \u00dcr\u00fcnleri\" \/>\t\t\t\t\t\t\t\t\t\t\t\t\t\t\t<\/div>\n\t\t\t\t<\/div>\n\t\t\t\t\t<\/div>\n\t\t<\/div>\n\t\t\t\t\t<\/div>\n\t\t<\/section>\n\t\t\t\t\t<\/div>\n\t\t<\/div>\n\t\t\t\t\t<\/div>\n\t\t<\/section>\n\t\t\t\t<\/div>\n\t\t","protected":false},"excerpt":{"rendered":"<p>Genel Genel Katalog Geni\u015f \u00fcr\u00fcn yelpazemizi kapsayan genel katalog ile cerrahi operasyonlarda kullan\u0131lan t\u00fcm cerrahi enstr\u00fcmanlar\u0131 sunuyoruz. \u00fcr\u00fcnlerimiz i\u00e7in genel katalo\u011fumuzu inceleyebilirsiniz. \u00dcr\u00fcn Katalo\u011fu Neden \u0130dol? Y\u00fcksek Hassasiyet ve Performans&hellip;<\/p>\n","protected":false},"author":1,"featured_media":0,"parent":0,"menu_order":0,"comment_status":"closed","ping_status":"closed","template":"","meta":{"_monsterinsights_skip_tracking":false,"_monsterinsights_sitenote_active":false,"_monsterinsights_sitenote_note":"","_monsterinsights_sitenote_category":0,"footnotes":""},"class_list":["post-3071","page","type-page","status-publish","hentry"],"aioseo_notices":[],"_links":{"self":[{"href":"https:\/\/idolcerrahi.com\/tr\/wp-json\/wp\/v2\/pages\/3071","targetHints":{"allow":["GET"]}}],"collection":[{"href":"https:\/\/idolcerrahi.com\/tr\/wp-json\/wp\/v2\/pages"}],"about":[{"href":"https:\/\/idolcerrahi.com\/tr\/wp-json\/wp\/v2\/types\/page"}],"author":[{"embeddable":true,"href":"https:\/\/idolcerrahi.com\/tr\/wp-json\/wp\/v2\/users\/1"}],"replies":[{"embeddable":true,"href":"https:\/\/idolcerrahi.com\/tr\/wp-json\/wp\/v2\/comments?post=3071"}],"version-history":[{"count":109,"href":"https:\/\/idolcerrahi.com\/tr\/wp-json\/wp\/v2\/pages\/3071\/revisions"}],"predecessor-version":[{"id":11198,"href":"https:\/\/idolcerrahi.com\/tr\/wp-json\/wp\/v2\/pages\/3071\/revisions\/11198"}],"wp:attachment":[{"href":"https:\/\/idolcerrahi.com\/tr\/wp-json\/wp\/v2\/media?parent=3071"}],"curies":[{"name":"wp","href":"https:\/\/api.w.org\/{rel}","templated":true}]}}