{"id":9777,"date":"2025-01-17T16:19:17","date_gmt":"2025-01-17T13:19:17","guid":{"rendered":"https:\/\/denemeko.com\/?page_id=9777"},"modified":"2025-05-16T18:43:56","modified_gmt":"2025-05-16T15:43:56","slug":"sterilizasyon-konteyner-ve-sepet-sistemleri","status":"publish","type":"page","link":"https:\/\/idolcerrahi.com\/tr\/sterilizasyon-konteyner-ve-sepet-sistemleri\/","title":{"rendered":"Sterilizasyon Konteyner Ve Sepet Sistemleri"},"content":{"rendered":"<style>.elementor-9777 .elementor-element.elementor-element-237ad50 > .elementor-container{min-height:180px;}.elementor-9777 .elementor-element.elementor-element-237ad50:not(.elementor-motion-effects-element-type-background), .elementor-9777 .elementor-element.elementor-element-237ad50 > .elementor-motion-effects-container > .elementor-motion-effects-layer{background-color:#000000;background-image:url(\"https:\/\/idolcerrahi.com\/wp-content\/uploads\/2024\/05\/Adsiz-tasarim-1.gif\");background-position:0px -33px;background-repeat:no-repeat;background-size:100% auto;}.elementor-9777 .elementor-element.elementor-element-237ad50 > .elementor-background-overlay{background-color:#000000;opacity:0.56;transition:background 0.3s, border-radius 0.3s, opacity 0.3s;}.elementor-9777 .elementor-element.elementor-element-237ad50{transition:background 0.3s, border 0.3s, border-radius 0.3s, box-shadow 0.3s;margin-top:-46px;margin-bottom:0px;}.elementor-9777 .elementor-element.elementor-element-d4da453{text-align:center;}.elementor-9777 .elementor-element.elementor-element-d4da453 .elementor-heading-title{color:#FFFFFF;}.elementor-9777 .elementor-element.elementor-element-160af8de{margin-top:0px;margin-bottom:-50px;padding:100px 0px 0px 0px;}.elementor-9777 .elementor-element.elementor-element-793b11d0:not(.elementor-motion-effects-element-type-background) > .elementor-widget-wrap, .elementor-9777 .elementor-element.elementor-element-793b11d0 > .elementor-widget-wrap > .elementor-motion-effects-container > .elementor-motion-effects-layer{background-image:url(\"https:\/\/idolcerrahi.com\/wp-content\/uploads\/2024\/05\/Adsiz-tasarim-1.gif\");background-position:center center;background-size:cover;}.elementor-9777 .elementor-element.elementor-element-793b11d0 > .elementor-element-populated >  .elementor-background-overlay{opacity:1;}.elementor-9777 .elementor-element.elementor-element-793b11d0 > .elementor-element-populated, .elementor-9777 .elementor-element.elementor-element-793b11d0 > .elementor-element-populated > .elementor-background-overlay, .elementor-9777 .elementor-element.elementor-element-793b11d0 > .elementor-background-slideshow{border-radius:10px 10px 500px 500px;}.elementor-9777 .elementor-element.elementor-element-793b11d0 > .elementor-element-populated{transition:background 0.3s, border 0.3s, border-radius 0.3s, box-shadow 0.3s;margin:0px 100px 0px 0px;--e-column-margin-right:100px;--e-column-margin-left:0px;}.elementor-9777 .elementor-element.elementor-element-793b11d0 > .elementor-element-populated > .elementor-background-overlay{transition:background 0.3s, border-radius 0.3s, opacity 0.3s;}.elementor-9777 .elementor-element.elementor-element-793b11d0 > .elementor-element-populated.elementor-column-wrap{padding:120px 0px 150px 0px;}.elementor-9777 .elementor-element.elementor-element-793b11d0 > .elementor-element-populated.elementor-widget-wrap{padding:120px 0px 150px 0px;}.elementor-9777 .elementor-element.elementor-element-219bee0e{text-align:end;}.elementor-9777 .elementor-element.elementor-element-219bee0e img{width:40%;opacity:0.25;}.elementor-9777 .elementor-element.elementor-element-219bee0e > .elementor-widget-container{margin:0px -70px 0px 0px;}.elementor-bc-flex-widget .elementor-9777 .elementor-element.elementor-element-231f35ed.elementor-column .elementor-widget-wrap{align-items:center;}.elementor-9777 .elementor-element.elementor-element-231f35ed.elementor-column.elementor-element[data-element_type=\"column\"] > .elementor-widget-wrap.elementor-element-populated{align-content:center;align-items:center;}.elementor-9777 .elementor-element.elementor-element-231f35ed > .elementor-element-populated.elementor-column-wrap{padding:0px 0px 0px 70px;}.elementor-9777 .elementor-element.elementor-element-231f35ed > .elementor-element-populated.elementor-widget-wrap{padding:0px 0px 0px 70px;}.elementor-9777 .elementor-element.elementor-element-63e6aa00 .elementor-heading-title{font-family:\"Roboto\", Sans-serif;font-size:20px;font-weight:600;}.elementor-9777 .elementor-element.elementor-element-63e6aa00 > .elementor-widget-container{margin:-18px 0px 0px 0px;}.elementor-9777 .elementor-element.elementor-element-2fa9829f{font-family:var( --e-global-typography-text-font-family ), Sans-serif;font-weight:var( --e-global-typography-text-font-weight );color:var( --e-global-color-text );}.elementor-9777 .elementor-element.elementor-element-d1ca10a .elementor-button{font-family:var( --e-global-typography-accent-font-family ), Sans-serif;font-weight:var( --e-global-typography-accent-font-weight );fill:#FFFFFF;color:#FFFFFF;background-color:#122933;border-style:none;border-radius:100px 100px 100px 100px;padding:15px 37px 15px 37px;}.elementor-9777 .elementor-element.elementor-element-d1ca10a .elementor-button:hover, .elementor-9777 .elementor-element.elementor-element-d1ca10a .elementor-button:focus{color:#FFFFFF;background-color:var( --e-global-color-secondary );border-color:#6EC1E4;}.elementor-9777 .elementor-element.elementor-element-d1ca10a .elementor-button:hover svg, .elementor-9777 .elementor-element.elementor-element-d1ca10a .elementor-button:focus svg{fill:#FFFFFF;}.elementor-9777 .elementor-element.elementor-element-d1ca10a > .elementor-widget-container{margin:0px 0px 0px 0px;}.elementor-9777 .elementor-element.elementor-element-d1ca10a{width:auto;max-width:auto;}:root{--page-title-display:none;}@media(min-width:1025px){.elementor-9777 .elementor-element.elementor-element-237ad50:not(.elementor-motion-effects-element-type-background), .elementor-9777 .elementor-element.elementor-element-237ad50 > .elementor-motion-effects-container > .elementor-motion-effects-layer{background-attachment:fixed;}}@media(max-width:1024px){.elementor-9777 .elementor-element.elementor-element-237ad50:not(.elementor-motion-effects-element-type-background), .elementor-9777 .elementor-element.elementor-element-237ad50 > .elementor-motion-effects-container > .elementor-motion-effects-layer{background-position:center center;}.elementor-9777 .elementor-element.elementor-element-160af8de{padding:70px 30px 70px 30px;}.elementor-9777 .elementor-element.elementor-element-793b11d0 > .elementor-element-populated{margin:0px 70px 0px 0px;--e-column-margin-right:70px;--e-column-margin-left:0px;}.elementor-9777 .elementor-element.elementor-element-219bee0e img{width:60%;}.elementor-9777 .elementor-element.elementor-element-219bee0e > .elementor-widget-container{margin:0px -30px 0px 0px;}.elementor-9777 .elementor-element.elementor-element-231f35ed > .elementor-element-populated.elementor-column-wrap{padding:0px 0px 0px 20px;}.elementor-9777 .elementor-element.elementor-element-231f35ed > .elementor-element-populated.elementor-widget-wrap{padding:0px 0px 0px 20px;}.elementor-9777 .elementor-element.elementor-element-d1ca10a > .elementor-widget-container{margin:0px 0px 0px 0px;}}@media(max-width:767px){.elementor-9777 .elementor-element.elementor-element-237ad50 > .elementor-container{min-height:134px;}.elementor-9777 .elementor-element.elementor-element-237ad50{margin-top:-60px;margin-bottom:0px;}.elementor-9777 .elementor-element.elementor-element-1c930e2{width:100%;}.elementor-9777 .elementor-element.elementor-element-d4da453 .elementor-heading-title{font-size:17px;}.elementor-9777 .elementor-element.elementor-element-160af8de{padding:70px 20px 70px 20px;}.elementor-9777 .elementor-element.elementor-element-793b11d0 > .elementor-element-populated{margin:0px 0px 0px 0px;--e-column-margin-right:0px;--e-column-margin-left:0px;}.elementor-9777 .elementor-element.elementor-element-793b11d0 > .elementor-element-populated.elementor-column-wrap{padding:120px 120px 120px 120px;}.elementor-9777 .elementor-element.elementor-element-793b11d0 > .elementor-element-populated.elementor-widget-wrap{padding:120px 120px 120px 120px;}.elementor-9777 .elementor-element.elementor-element-219bee0e > .elementor-widget-container{margin:0px -20px 0px 0px;}.elementor-9777 .elementor-element.elementor-element-231f35ed.elementor-column > .elementor-widget-wrap{justify-content:center;}.elementor-9777 .elementor-element.elementor-element-231f35ed > .elementor-element-populated.elementor-column-wrap{padding:0px 0px 50px 0px;}.elementor-9777 .elementor-element.elementor-element-231f35ed > .elementor-element-populated.elementor-widget-wrap{padding:0px 0px 50px 0px;}.elementor-9777 .elementor-element.elementor-element-63e6aa00{text-align:center;}.elementor-9777 .elementor-element.elementor-element-2fa9829f{text-align:center;}.elementor-9777 .elementor-element.elementor-element-d1ca10a > .elementor-widget-container{margin:0px 30px 0px 30px;}}<\/style>\t\t<div data-elementor-type=\"wp-page\" data-elementor-id=\"9777\" class=\"elementor elementor-9777\" data-elementor-post-type=\"page\">\n\t\t\t\t\t\t<section class=\"elementor-section elementor-top-section elementor-element elementor-element-237ad50 elementor-section-height-min-height elementor-section-full_width elementor-section-stretched elementor-section-height-default elementor-section-items-middle\" data-id=\"237ad50\" data-element_type=\"section\" data-e-type=\"section\" data-settings=\"{&quot;background_background&quot;:&quot;classic&quot;,&quot;stretch_section&quot;:&quot;section-stretched&quot;}\">\n\t\t\t\t\t\t\t<div class=\"elementor-background-overlay\"><\/div>\n\t\t\t\t\t\t\t<div class=\"elementor-container elementor-column-gap-default\">\n\t\t\t\t\t<div class=\"elementor-column elementor-col-100 elementor-top-column elementor-element elementor-element-1c930e2\" data-id=\"1c930e2\" data-element_type=\"column\" data-e-type=\"column\">\n\t\t\t<div class=\"elementor-widget-wrap elementor-element-populated\">\n\t\t\t\t\t\t<div class=\"elementor-element elementor-element-d4da453 elementor-widget elementor-widget-heading\" data-id=\"d4da453\" data-element_type=\"widget\" data-e-type=\"widget\" data-widget_type=\"heading.default\">\n\t\t\t\t<div class=\"elementor-widget-container\">\n\t\t\t\t\t<h2 class=\"elementor-heading-title elementor-size-default\">Sterilizasyon Konteyner Ve Sepet Sistemleri<\/h2>\t\t\t\t<\/div>\n\t\t\t\t<\/div>\n\t\t\t\t\t<\/div>\n\t\t<\/div>\n\t\t\t\t\t<\/div>\n\t\t<\/section>\n\t\t\t\t<section class=\"elementor-section elementor-top-section elementor-element elementor-element-160af8de elementor-reverse-mobile elementor-section-boxed elementor-section-height-default elementor-section-height-default\" data-id=\"160af8de\" data-element_type=\"section\" data-e-type=\"section\">\n\t\t\t\t\t\t<div class=\"elementor-container elementor-column-gap-default\">\n\t\t\t\t\t<div class=\"elementor-column elementor-col-50 elementor-top-column elementor-element elementor-element-793b11d0 elementor-invisible\" data-id=\"793b11d0\" data-element_type=\"column\" data-e-type=\"column\" data-settings=\"{&quot;background_background&quot;:&quot;classic&quot;,&quot;animation&quot;:&quot;fadeIn&quot;}\">\n\t\t\t<div class=\"elementor-widget-wrap elementor-element-populated\">\n\t\t\t\t\t<div class=\"elementor-background-overlay\"><\/div>\n\t\t\t\t\t\t<div class=\"elementor-element elementor-element-219bee0e elementor-invisible elementor-widget elementor-widget-image\" data-id=\"219bee0e\" data-element_type=\"widget\" data-e-type=\"widget\" data-settings=\"{&quot;_animation&quot;:&quot;fadeIn&quot;,&quot;_animation_delay&quot;:200}\" data-widget_type=\"image.default\">\n\t\t\t\t<div class=\"elementor-widget-container\">\n\t\t\t\t\t\t\t\t\t\t\t\t\t\t\t<img fetchpriority=\"high\" decoding=\"async\" width=\"1024\" height=\"1024\" src=\"https:\/\/idolcerrahi.com\/wp-content\/uploads\/2024\/05\/idol-1024x1024.png\" class=\"attachment-large size-large wp-image-3189\" alt=\"\" srcset=\"https:\/\/idolcerrahi.com\/wp-content\/uploads\/2024\/05\/idol-1024x1024.png 1024w, https:\/\/idolcerrahi.com\/wp-content\/uploads\/2024\/05\/idol-300x300.png 300w, https:\/\/idolcerrahi.com\/wp-content\/uploads\/2024\/05\/idol-150x150.png 150w, https:\/\/idolcerrahi.com\/wp-content\/uploads\/2024\/05\/idol-768x768.png 768w, https:\/\/idolcerrahi.com\/wp-content\/uploads\/2024\/05\/idol-100x100.png 100w, https:\/\/idolcerrahi.com\/wp-content\/uploads\/2024\/05\/idol-937x937.png 937w, https:\/\/idolcerrahi.com\/wp-content\/uploads\/2024\/05\/idol.png 1080w\" sizes=\"(max-width: 1024px) 100vw, 1024px\" title=\"idol - Cerrahi Aletler | \u0130dol Hastane \u00dcr\u00fcnleri\" \/>\t\t\t\t\t\t\t\t\t\t\t\t\t\t\t<\/div>\n\t\t\t\t<\/div>\n\t\t\t\t\t<\/div>\n\t\t<\/div>\n\t\t\t\t<div class=\"elementor-column elementor-col-50 elementor-top-column elementor-element elementor-element-231f35ed\" data-id=\"231f35ed\" data-element_type=\"column\" data-e-type=\"column\">\n\t\t\t<div class=\"elementor-widget-wrap elementor-element-populated\">\n\t\t\t\t\t\t<div class=\"elementor-element elementor-element-63e6aa00 elementor-invisible elementor-widget elementor-widget-heading\" data-id=\"63e6aa00\" data-element_type=\"widget\" data-e-type=\"widget\" data-settings=\"{&quot;_animation&quot;:&quot;fadeInUp&quot;,&quot;_animation_delay&quot;:200}\" data-widget_type=\"heading.default\">\n\t\t\t\t<div class=\"elementor-widget-container\">\n\t\t\t\t\t<h2 class=\"elementor-heading-title elementor-size-default\">Sterilizasyon Konteyner Ve Sepet Sistemleri<\/h2>\t\t\t\t<\/div>\n\t\t\t\t<\/div>\n\t\t\t\t<div class=\"elementor-element elementor-element-2fa9829f elementor-invisible elementor-widget elementor-widget-text-editor\" data-id=\"2fa9829f\" data-element_type=\"widget\" data-e-type=\"widget\" data-settings=\"{&quot;_animation&quot;:&quot;fadeInUp&quot;,&quot;_animation_delay&quot;:400}\" data-widget_type=\"text-editor.default\">\n\t\t\t\t<div class=\"elementor-widget-container\">\n\t\t\t\t\t\t\t\t\t<p class=\"p1\">Sterilizasyon konteyner ve sepet sistemleri alan\u0131nda \u00fcr\u00fcnler ve teknik detaylar hakk\u0131nda daha fazla bilgi edinmek i\u00e7in bize ula\u015fabilirsiniz.<\/p>\t\t\t\t\t\t\t\t<\/div>\n\t\t\t\t<\/div>\n\t\t\t\t<div class=\"elementor-element elementor-element-d1ca10a elementor-widget__width-auto elementor-align-left elementor-invisible elementor-widget elementor-widget-button\" data-id=\"d1ca10a\" data-element_type=\"widget\" data-e-type=\"widget\" data-settings=\"{&quot;_animation_delay&quot;:600,&quot;_animation&quot;:&quot;fadeInUp&quot;}\" data-widget_type=\"button.default\">\n\t\t\t\t<div class=\"elementor-widget-container\">\n\t\t\t\t\t\t\t\t\t<div class=\"elementor-button-wrapper\">\n\t\t\t\t\t<a class=\"elementor-button elementor-button-link elementor-size-sm\" href=\"https:\/\/idolcerrahi.com\/iletisim\">\n\t\t\t\t\t\t<span class=\"elementor-button-content-wrapper\">\n\t\t\t\t\t\t\t\t\t<span class=\"elementor-button-text\">\u0130LET\u0130\u015e\u0130M<\/span>\n\t\t\t\t\t<\/span>\n\t\t\t\t\t<\/a>\n\t\t\t\t<\/div>\n\t\t\t\t\t\t\t\t<\/div>\n\t\t\t\t<\/div>\n\t\t\t\t\t<\/div>\n\t\t<\/div>\n\t\t\t\t\t<\/div>\n\t\t<\/section>\n\t\t\t\t<\/div>\n\t\t","protected":false},"excerpt":{"rendered":"<p>Sterilizasyon Konteyner Ve Sepet Sistemleri Sterilizasyon Konteyner Ve Sepet Sistemleri Sterilizasyon konteyner ve sepet sistemleri alan\u0131nda \u00fcr\u00fcnler ve teknik detaylar hakk\u0131nda daha fazla bilgi edinmek i\u00e7in bize ula\u015fabilirsiniz. \u0130LET\u0130\u015e\u0130M<\/p>\n","protected":false},"author":1,"featured_media":0,"parent":0,"menu_order":0,"comment_status":"closed","ping_status":"closed","template":"","meta":{"_monsterinsights_skip_tracking":false,"_monsterinsights_sitenote_active":false,"_monsterinsights_sitenote_note":"","_monsterinsights_sitenote_category":0,"footnotes":""},"class_list":["post-9777","page","type-page","status-publish","hentry"],"aioseo_notices":[],"_links":{"self":[{"href":"https:\/\/idolcerrahi.com\/tr\/wp-json\/wp\/v2\/pages\/9777","targetHints":{"allow":["GET"]}}],"collection":[{"href":"https:\/\/idolcerrahi.com\/tr\/wp-json\/wp\/v2\/pages"}],"about":[{"href":"https:\/\/idolcerrahi.com\/tr\/wp-json\/wp\/v2\/types\/page"}],"author":[{"embeddable":true,"href":"https:\/\/idolcerrahi.com\/tr\/wp-json\/wp\/v2\/users\/1"}],"replies":[{"embeddable":true,"href":"https:\/\/idolcerrahi.com\/tr\/wp-json\/wp\/v2\/comments?post=9777"}],"version-history":[{"count":25,"href":"https:\/\/idolcerrahi.com\/tr\/wp-json\/wp\/v2\/pages\/9777\/revisions"}],"predecessor-version":[{"id":10659,"href":"https:\/\/idolcerrahi.com\/tr\/wp-json\/wp\/v2\/pages\/9777\/revisions\/10659"}],"wp:attachment":[{"href":"https:\/\/idolcerrahi.com\/tr\/wp-json\/wp\/v2\/media?parent=9777"}],"curies":[{"name":"wp","href":"https:\/\/api.w.org\/{rel}","templated":true}]}}